{"id":943,"date":"2025-03-20T13:19:08","date_gmt":"2025-03-20T05:19:08","guid":{"rendered":"https:\/\/honelinks.com\/?post_type=product&#038;p=943"},"modified":"2025-09-04T19:59:31","modified_gmt":"2025-09-04T11:59:31","slug":"cable-de-conexion-om4","status":"publish","type":"product","link":"https:\/\/honelinks.com\/es\/product\/om4-patch-cord\/","title":{"rendered":"Cable de conexi\u00f3n OM4"},"content":{"rendered":"<p data-start=\"396\" data-end=\"684\">El cable de conexi\u00f3n multimodo OM4 es un cable de fibra \u00f3ptica dise\u00f1ado espec\u00edficamente para redes de alta velocidad que ofrece un rendimiento superior en distancias cortas y medias. Suele utilizarse en centros de datos, redes LAN y entornos de alta densidad que exigen un alto rendimiento.<\/p>\n<p><strong>1.Estructura y dise\u00f1o:<\/strong><\/p>\n<ul data-start=\"710\" data-end=\"997\">\n<li data-start=\"710\" data-end=\"736\"><strong data-start=\"712\" data-end=\"726\">Tama\u00f1o del n\u00facleo:<\/strong> 50\/125 \u03bcm<\/li>\n<li data-start=\"737\" data-end=\"789\"><strong data-start=\"739\" data-end=\"759\">Material de la chaqueta:<\/strong> LSZH (baja emisi\u00f3n de humos y sin hal\u00f3genos)<\/li>\n<li data-start=\"790\" data-end=\"843\"><strong data-start=\"792\" data-end=\"807\">Conectores:<\/strong> Opciones LC\/SC\/LC, MPO\/MTP disponibles<\/li>\n<li data-start=\"844\" data-end=\"912\"><strong data-start=\"846\" data-end=\"867\">Gama de longitudes de onda:<\/strong> 850 nm (para aplicaciones de 10 Gb\/s a 100 Gb\/s)<\/li>\n<li data-start=\"913\" data-end=\"997\"><strong data-start=\"915\" data-end=\"934\">P\u00e9rdida por inserci\u00f3n:<\/strong> Bajas p\u00e9rdidas para una transmisi\u00f3n r\u00e1pida de la se\u00f1al con una atenuaci\u00f3n m\u00ednima<\/li>\n<\/ul>\n<p data-start=\"999\" data-end=\"1016\"><strong data-start=\"999\" data-end=\"1016\">2. Aplicaciones:<\/strong><\/p>\n<ul data-start=\"1017\" data-end=\"1150\">\n<li data-start=\"1017\" data-end=\"1031\">Centros de datos<\/li>\n<li data-start=\"1032\" data-end=\"1049\">LAN de alta velocidad<\/li>\n<li data-start=\"1050\" data-end=\"1071\">Redes de empresa<\/li>\n<li data-start=\"1072\" data-end=\"1099\">Sistemas Ethernet 40G\/100G<\/li>\n<li data-start=\"1100\" data-end=\"1119\">Redes troncales de telecomunicaciones<\/li>\n<li data-start=\"1120\" data-end=\"1150\">Conexiones de servidor a servidor<\/li>\n<\/ul>\n<p data-start=\"1152\" data-end=\"1167\"><strong data-start=\"1152\" data-end=\"1167\">3. Ventajas:<\/strong><\/p>\n<ul data-start=\"1168\" data-end=\"1538\">\n<li data-start=\"1168\" data-end=\"1213\">Gran ancho de banda de hasta 4,7 GHz-km<\/li>\n<li data-start=\"1214\" data-end=\"1259\">Optimizado para sistemas Ethernet 100G y 40G<\/li>\n<li data-start=\"1260\" data-end=\"1314\">Ideal para la transmisi\u00f3n de datos a corta y media distancia<\/li>\n<li data-start=\"1315\" data-end=\"1372\">Proporciona una p\u00e9rdida de se\u00f1al m\u00ednima y la m\u00e1xima integridad de los datos<\/li>\n<li data-start=\"1373\" data-end=\"1453\">Duraderas y resistentes a los factores ambientales, garantizan una fiabilidad a largo plazo<\/li>\n<li data-start=\"1454\" data-end=\"1538\">Disponible en distintos tipos y longitudes de conector para adaptarse a configuraciones de red espec\u00edficas<\/li>\n<\/ul>\n<p data-start=\"1540\" data-end=\"1549\"><strong data-start=\"1540\" data-end=\"1549\">4. Preguntas frecuentes:<\/strong><\/p>\n<ol data-start=\"1550\" data-end=\"2389\">\n<li data-start=\"1550\" data-end=\"1790\">\n<p data-start=\"1553\" data-end=\"1790\"><strong data-start=\"1553\" data-end=\"1617\">\u00bfCu\u00e1l es la diferencia entre las fibras multimodo OM4 y OM3?<\/strong> OM4 ofrece un mayor ancho de banda (4,7 GHz-km a 850 nm) en comparaci\u00f3n con OM3 (2,0 GHz-km a 850 nm), por lo que resulta ideal para sistemas m\u00e1s r\u00e1pidos y de mayor capacidad, como Ethernet 100G.<\/p>\n<\/li>\n<li data-start=\"1792\" data-end=\"1989\">\n<p data-start=\"1795\" data-end=\"1989\"><strong data-start=\"1795\" data-end=\"1844\">\u00bfSe pueden utilizar latiguillos OM4 para redes 10G?<\/strong> S\u00ed, los latiguillos OM4 son compatibles con versiones anteriores y admiten sin problemas redes Ethernet 10G, por lo que ofrecen una mayor garant\u00eda de futuro para velocidades superiores.<\/p>\n<\/li>\n<li data-start=\"1991\" data-end=\"2185\">\n<p data-start=\"1994\" data-end=\"2185\"><strong data-start=\"1994\" data-end=\"2047\">\u00bfCu\u00e1l es la longitud t\u00edpica de un cable de conexi\u00f3n OM4?<\/strong> Los latiguillos OM4 est\u00e1n disponibles en varias longitudes, normalmente de 1 a 30 metros, aunque tambi\u00e9n se pueden personalizar en funci\u00f3n de las necesidades.<\/p>\n<\/li>\n<li data-start=\"2187\" data-end=\"2389\">\n<p data-start=\"2190\" data-end=\"2389\"><strong data-start=\"2190\" data-end=\"2253\">\u00bfSon compatibles los latiguillos OM4 con los antiguos cables multimodo?<\/strong> OM4 es compatible con los cables OM3 y OM2, pero su rendimiento se ver\u00e1 limitado a las especificaciones inferiores de los est\u00e1ndares de cable m\u00e1s antiguos.<\/p>\n<\/li>\n<\/ol>","protected":false},"excerpt":{"rendered":"<p><strong>HONE Cables de conexi\u00f3n multimodo OM4<\/strong> son cables \u00f3pticos de alto rendimiento dise\u00f1ados para la transmisi\u00f3n de datos a alta velocidad en las modernas redes de fibra \u00f3ptica. Est\u00e1n optimizados para aplicaciones 100GbE y ofrecen mayor ancho de banda y capacidad de transmisi\u00f3n.<\/p>","protected":false},"featured_media":947,"comment_status":"open","ping_status":"closed","template":"","meta":{"_seopress_robots_primary_cat":"none","_seopress_titles_title":"OM4 patch cord","_seopress_titles_desc":"OM4 fiber patch cord factory direct, cost-effective, high-speed data centers, LANs, enterprise connectivity","_seopress_robots_index":""},"product_brand":[],"product_cat":[27],"product_tag":[45],"class_list":{"0":"post-943","1":"product","2":"type-product","3":"status-publish","4":"has-post-thumbnail","6":"product_cat-ftth","7":"product_tag-ftth","9":"first","10":"instock","11":"shipping-taxable","12":"product-type-simple"},"_links":{"self":[{"href":"https:\/\/honelinks.com\/es\/wp-json\/wp\/v2\/product\/943","targetHints":{"allow":["GET"]}}],"collection":[{"href":"https:\/\/honelinks.com\/es\/wp-json\/wp\/v2\/product"}],"about":[{"href":"https:\/\/honelinks.com\/es\/wp-json\/wp\/v2\/types\/product"}],"replies":[{"embeddable":true,"href":"https:\/\/honelinks.com\/es\/wp-json\/wp\/v2\/comments?post=943"}],"wp:featuredmedia":[{"embeddable":true,"href":"https:\/\/honelinks.com\/es\/wp-json\/wp\/v2\/media\/947"}],"wp:attachment":[{"href":"https:\/\/honelinks.com\/es\/wp-json\/wp\/v2\/media?parent=943"}],"wp:term":[{"taxonomy":"product_brand","embeddable":true,"href":"https:\/\/honelinks.com\/es\/wp-json\/wp\/v2\/product_brand?post=943"},{"taxonomy":"product_cat","embeddable":true,"href":"https:\/\/honelinks.com\/es\/wp-json\/wp\/v2\/product_cat?post=943"},{"taxonomy":"product_tag","embeddable":true,"href":"https:\/\/honelinks.com\/es\/wp-json\/wp\/v2\/product_tag?post=943"}],"curies":[{"name":"wp","href":"https:\/\/api.w.org\/{rel}","templated":true}]}}