{"id":951,"date":"2025-03-20T14:19:25","date_gmt":"2025-03-20T06:19:25","guid":{"rendered":"https:\/\/honelinks.com\/?post_type=product&#038;p=951"},"modified":"2025-09-02T17:20:31","modified_gmt":"2025-09-02T09:20:31","slug":"mpo-patch-cord","status":"publish","type":"product","link":"https:\/\/honelinks.com\/es\/product\/mpo-patch-cord\/","title":{"rendered":"Cable de conexi\u00f3n MPO"},"content":{"rendered":"<p data-start=\"387\" data-end=\"730\">Este <strong data-start=\"392\" data-end=\"410\">Cable de conexi\u00f3n MPO<\/strong> permite conexiones \u00f3pticas paralelas de alta velocidad en un dise\u00f1o compacto. Disponible en <strong data-start=\"494\" data-end=\"535\">Opciones monomodo OM3, OM4 y OS2<\/strong>, admite <strong data-start=\"549\" data-end=\"598\">varios n\u00facleos de fibra (8, 12, 24, 32 o m\u00e1s)<\/strong> para satisfacer diversas necesidades de red. Su dise\u00f1o plug-and-play lo hace ideal para <strong data-start=\"677\" data-end=\"727\">interconexiones de centros de datos y cableado troncal<\/strong>.<\/p>\n<h3 data-start=\"732\" data-end=\"760\"><strong data-start=\"736\" data-end=\"758\">1. Estructura y dise\u00f1o<\/strong><\/h3>\n<ul data-start=\"761\" data-end=\"1351\">\n<li data-start=\"761\" data-end=\"853\"><strong data-start=\"763\" data-end=\"797\">Conector MPO\/MTP de alta densidad<\/strong>: Disponible en <strong data-start=\"812\" data-end=\"850\">8, 12, 24, 32 o m\u00e1s n\u00facleos de fibra<\/strong>.<\/li>\n<li data-start=\"854\" data-end=\"960\"><strong data-start=\"856\" data-end=\"878\">Opciones de tipo de fibra<\/strong>: OM3\/OM4 multimodo (cubierta aqua o violeta) y OS2 monomodo (cubierta amarilla).<\/li>\n<li data-start=\"961\" data-end=\"1078\"><strong data-start=\"963\" data-end=\"1000\">Versiones de baja p\u00e9rdida y p\u00e9rdida est\u00e1ndar<\/strong>: Garantiza un rendimiento \u00f3ptimo para aplicaciones de larga distancia o corto alcance.<\/li>\n<li data-start=\"1079\" data-end=\"1166\"><strong data-start=\"1081\" data-end=\"1107\">Dise\u00f1o de pestillo Push-Pull<\/strong>: Simplifica la instalaci\u00f3n y garantiza conexiones seguras.<\/li>\n<li data-start=\"1167\" data-end=\"1259\"><strong data-start=\"1169\" data-end=\"1189\">Opciones de polaridad<\/strong>: Configuraciones de tipo A, tipo B y tipo C para una conexi\u00f3n en red flexible.<\/li>\n<li data-start=\"1260\" data-end=\"1351\"><strong data-start=\"1262\" data-end=\"1300\">Revestimiento resistente (PVC, LSZH u OFNP)<\/strong>: Proporciona durabilidad para diferentes entornos.<\/li>\n<\/ul>\n<h3 data-start=\"1353\" data-end=\"1375\"><strong data-start=\"1357\" data-end=\"1373\">2. Aplicaciones<\/strong><\/h3>\n<ul data-start=\"1376\" data-end=\"1716\">\n<li data-start=\"1376\" data-end=\"1454\"><strong data-start=\"1378\" data-end=\"1394\">Centros de datos<\/strong>: Alta velocidad <strong data-start=\"1407\" data-end=\"1451\">Conexiones troncales de 40G, 100G y 400G<\/strong>.<\/li>\n<li data-start=\"1455\" data-end=\"1543\"><strong data-start=\"1457\" data-end=\"1480\">Redes de empresa<\/strong>: Infraestructura de fibra escalable para la nube y la virtualizaci\u00f3n.<\/li>\n<li data-start=\"1544\" data-end=\"1632\"><strong data-start=\"1546\" data-end=\"1586\">Telecomunicaciones e inform\u00e1tica de alto rendimiento<\/strong>: Admite redes \u00f3pticas de pr\u00f3xima generaci\u00f3n.<\/li>\n<li data-start=\"1633\" data-end=\"1716\"><strong data-start=\"1635\" data-end=\"1663\">Fibra hasta el hogar (FTTH)<\/strong>: Se utiliza en instalaciones de fibra \u00f3ptica de alta densidad.<\/li>\n<\/ul>\n<h3 data-start=\"1718\" data-end=\"1738\"><strong data-start=\"1722\" data-end=\"1736\">3. Ventajas<\/strong><\/h3>\n<ul data-start=\"1739\" data-end=\"2145\">\n<li data-start=\"1739\" data-end=\"1831\"><strong data-start=\"1741\" data-end=\"1765\">Ancho de banda ultraalto<\/strong>: Admite transmisi\u00f3n de datos a alta velocidad para <strong data-start=\"1809\" data-end=\"1828\">redes modernas<\/strong>.<\/li>\n<li data-start=\"1832\" data-end=\"1904\"><strong data-start=\"1834\" data-end=\"1857\">Dise\u00f1o compacto<\/strong>: Los conectores MPO compactos reducen el volumen del cableado.<\/li>\n<li data-start=\"1905\" data-end=\"1976\"><strong data-start=\"1907\" data-end=\"1926\">Despliegue r\u00e1pido<\/strong>: Soluci\u00f3n plug-and-play para una instalaci\u00f3n r\u00e1pida.<\/li>\n<li data-start=\"1977\" data-end=\"2056\"><strong data-start=\"1979\" data-end=\"2010\">Baja p\u00e9rdida de inserci\u00f3n y retorno<\/strong>: Garantiza una transmisi\u00f3n estable y eficaz.<\/li>\n<li data-start=\"2057\" data-end=\"2145\"><strong data-start=\"2059\" data-end=\"2094\">Configuraciones personalizadas disponibles<\/strong>: Diferentes longitudes, tipos de fibra y polaridades.<\/li>\n<\/ul>\n<h3 data-start=\"2147\" data-end=\"2161\"><strong data-start=\"2151\" data-end=\"2159\">4. Preguntas frecuentes<\/strong><\/h3>\n<ul>\n<li data-start=\"2163\" data-end=\"2307\"><strong data-start=\"2166\" data-end=\"2213\">\u00bfCu\u00e1l es la diferencia entre MPO y MTP?<\/strong><br data-start=\"2213\" data-end=\"2216\" \/>MTP es un <strong data-start=\"2226\" data-end=\"2246\">versi\u00f3n mejorada<\/strong> de MPO con <strong data-start=\"2259\" data-end=\"2304\">mejores prestaciones mec\u00e1nicas y \u00f3pticas<\/strong>.<\/li>\n<li data-start=\"2309\" data-end=\"2454\"><strong data-start=\"2312\" data-end=\"2371\">\u00bfSe pueden utilizar cables de conexi\u00f3n MPO para Ethernet de 100G y 400G?<\/strong><br data-start=\"2371\" data-end=\"2374\" \/>S\u00ed, los cables de conexi\u00f3n MPO admiten <strong data-start=\"2403\" data-end=\"2429\">Ethernet 100G y 400G<\/strong> utilizando \u00f3pticas paralelas.<\/li>\n<li data-start=\"2456\" data-end=\"2583\"><strong data-start=\"2459\" data-end=\"2511\">\u00bfCu\u00e1l es el n\u00famero est\u00e1ndar de fibras de los cables MPO?<\/strong><br data-start=\"2511\" data-end=\"2514\" \/>Las opciones m\u00e1s comunes son <strong data-start=\"2537\" data-end=\"2563\">8, 12, 24, 32 o m\u00e1s<\/strong> fibras por cable.<\/li>\n<li data-start=\"2585\" data-end=\"2749\"><strong data-start=\"2588\" data-end=\"2646\">\u00bfQu\u00e9 tipos de polaridad existen para los cables de conexi\u00f3n MPO?<\/strong><br data-start=\"2646\" data-end=\"2649\" \/>Los cables MPO vienen en <strong data-start=\"2668\" data-end=\"2731\">Tipo A (Recto), Tipo B (Inverso) y Tipo C (Volteo en pareja)<\/strong> configuraciones.<\/li>\n<li data-start=\"2751\" data-end=\"2794\"><strong data-start=\"2754\" data-end=\"2792\">\u00bfQu\u00e9 tipo de chaqueta debo elegir?<\/strong><\/li>\n<li data-start=\"2795\" data-end=\"2823\"><strong data-start=\"2797\" data-end=\"2804\">PVC<\/strong> para uso est\u00e1ndar<\/li>\n<li data-start=\"2824\" data-end=\"2877\"><strong data-start=\"2826\" data-end=\"2834\">LSZH<\/strong> para entornos con baja emisi\u00f3n de humos y sin hal\u00f3genos<\/li>\n<li data-start=\"2878\" data-end=\"2921\"><strong data-start=\"2880\" data-end=\"2888\">OFNP<\/strong> para instalaciones plenum<\/li>\n<\/ul>","protected":false},"excerpt":{"rendered":"<p>HONE <strong data-start=\"22\" data-end=\"40\">Cable de conexi\u00f3n MPO<\/strong> es un cable de fibra \u00f3ptica de alta densidad dise\u00f1ado para <strong data-start=\"90\" data-end=\"135\">Aplicaciones Ethernet de 40G, 100G y 400G<\/strong>. En <strong data-start=\"147\" data-end=\"169\">Conectores MPO\/MTP<\/strong> y apoyar <strong data-start=\"185\" data-end=\"213\">transmisi\u00f3n multifibra<\/strong>, garantiza <strong data-start=\"226\" data-end=\"270\">transferencia de datos ultrarr\u00e1pida y de gran ancho de banda<\/strong> para centros de datos, redes empresariales y entornos inform\u00e1ticos de alto rendimiento.<\/p>","protected":false},"featured_media":952,"comment_status":"open","ping_status":"closed","template":"","meta":{"_seopress_robots_primary_cat":"none","_seopress_titles_title":"MPO Patch Cord","_seopress_titles_desc":"In-stock MPO Patch Cord, factory direct shipment, reliable low-loss fiber connectivity for telecom and data centers","_seopress_robots_index":""},"product_brand":[],"product_cat":[27],"product_tag":[],"class_list":{"0":"post-951","1":"product","2":"type-product","3":"status-publish","4":"has-post-thumbnail","6":"product_cat-ftth","8":"first","9":"instock","10":"shipping-taxable","11":"product-type-simple"},"_links":{"self":[{"href":"https:\/\/honelinks.com\/es\/wp-json\/wp\/v2\/product\/951","targetHints":{"allow":["GET"]}}],"collection":[{"href":"https:\/\/honelinks.com\/es\/wp-json\/wp\/v2\/product"}],"about":[{"href":"https:\/\/honelinks.com\/es\/wp-json\/wp\/v2\/types\/product"}],"replies":[{"embeddable":true,"href":"https:\/\/honelinks.com\/es\/wp-json\/wp\/v2\/comments?post=951"}],"wp:featuredmedia":[{"embeddable":true,"href":"https:\/\/honelinks.com\/es\/wp-json\/wp\/v2\/media\/952"}],"wp:attachment":[{"href":"https:\/\/honelinks.com\/es\/wp-json\/wp\/v2\/media?parent=951"}],"wp:term":[{"taxonomy":"product_brand","embeddable":true,"href":"https:\/\/honelinks.com\/es\/wp-json\/wp\/v2\/product_brand?post=951"},{"taxonomy":"product_cat","embeddable":true,"href":"https:\/\/honelinks.com\/es\/wp-json\/wp\/v2\/product_cat?post=951"},{"taxonomy":"product_tag","embeddable":true,"href":"https:\/\/honelinks.com\/es\/wp-json\/wp\/v2\/product_tag?post=951"}],"curies":[{"name":"wp","href":"https:\/\/api.w.org\/{rel}","templated":true}]}}