{"id":958,"date":"2025-03-25T20:20:32","date_gmt":"2025-03-25T12:20:32","guid":{"rendered":"https:\/\/honelinks.com\/?post_type=product&#038;p=958"},"modified":"2025-08-30T22:08:40","modified_gmt":"2025-08-30T14:08:40","slug":"cable-de-fibra-optica-blindado","status":"publish","type":"product","link":"https:\/\/honelinks.com\/es\/product\/armored-fiber-optic-patch-cord\/","title":{"rendered":"Cable de conexi\u00f3n de fibra \u00f3ptica blindado"},"content":{"rendered":"<p data-start=\"378\" data-end=\"668\">Este <strong>Cord\u00f3n de parche espiral blindado<\/strong>\u00a0presenta un dise\u00f1o exclusivo con armadura en espiral que proporciona una excelente protecci\u00f3n contra tensiones mec\u00e1nicas, flexiones y riesgos ambientales. La armadura flexible permite un manejo y enrutamiento sencillos, por lo que es adecuado para zonas de alta exigencia donde los cables est\u00e1ndar pueden no resistir.<\/p>\n<h3 data-start=\"782\" data-end=\"807\"><strong data-start=\"782\" data-end=\"805\">1. Estructura y dise\u00f1o:<\/strong><\/h3>\n<ul data-start=\"808\" data-end=\"1222\">\n<li class=\"\" data-start=\"808\" data-end=\"877\">\n<p class=\"\" data-start=\"810\" data-end=\"877\"><strong data-start=\"810\" data-end=\"819\">N\u00facleo:<\/strong> Fibra \u00f3ptica de alto rendimiento para una transmisi\u00f3n con bajas p\u00e9rdidas.<\/p>\n<\/li>\n<li class=\"\" data-start=\"878\" data-end=\"959\">\n<p class=\"\" data-start=\"880\" data-end=\"959\"><strong data-start=\"880\" data-end=\"890\">Armadura:<\/strong> Blindaje en espiral de acero o aluminio para una s\u00f3lida protecci\u00f3n mec\u00e1nica.<\/p>\n<\/li>\n<li class=\"\" data-start=\"960\" data-end=\"1135\">\n<p class=\"\" data-start=\"962\" data-end=\"1135\"><strong data-start=\"962\" data-end=\"973\">Chaqueta:<\/strong> Revestimiento flexible de LSZH (baja emisi\u00f3n de humos y sin hal\u00f3genos) o TPU (poliuretano termopl\u00e1stico) para una mayor protecci\u00f3n contra los factores ambientales y una menor propagaci\u00f3n de la llama.<\/p>\n<\/li>\n<li class=\"\" data-start=\"1136\" data-end=\"1222\">\n<p class=\"\" data-start=\"1138\" data-end=\"1222\"><strong data-start=\"1138\" data-end=\"1153\">Conectores:<\/strong> Conectores est\u00e1ndar SC, LC, ST, MTP o personalizados.<\/p>\n<\/li>\n<\/ul>\n<h3 data-start=\"1224\" data-end=\"1243\"><strong data-start=\"1224\" data-end=\"1241\">2. Aplicaciones:<\/strong><\/h3>\n<ul data-start=\"1244\" data-end=\"1399\">\n<li class=\"\" data-start=\"1244\" data-end=\"1258\">\n<p class=\"\" data-start=\"1246\" data-end=\"1258\">Centros de datos<\/p>\n<\/li>\n<li class=\"\" data-start=\"1259\" data-end=\"1277\">\n<p class=\"\" data-start=\"1261\" data-end=\"1277\">Redes de telecomunicaciones<\/p>\n<\/li>\n<li class=\"\" data-start=\"1278\" data-end=\"1303\">\n<p class=\"\" data-start=\"1280\" data-end=\"1303\">Entornos industriales<\/p>\n<\/li>\n<li class=\"\" data-start=\"1304\" data-end=\"1359\">\n<p class=\"\" data-start=\"1306\" data-end=\"1359\">Zonas de alto riesgo que requieren protecci\u00f3n mec\u00e1nica adicional<\/p>\n<\/li>\n<li class=\"\" data-start=\"1360\" data-end=\"1399\">\n<p class=\"\" data-start=\"1362\" data-end=\"1399\">Paneles de conexi\u00f3n y empalmes de fibra \u00f3ptica<\/p>\n<\/li>\n<\/ul>\n<h3 data-start=\"1401\" data-end=\"1418\"><strong data-start=\"1401\" data-end=\"1416\">3.<\/strong><strong data-start=\"1401\" data-end=\"1416\">Ventajas:<\/strong><\/h3>\n<ul data-start=\"1419\" data-end=\"1710\">\n<li class=\"\" data-start=\"1419\" data-end=\"1475\">\n<p class=\"\" data-start=\"1421\" data-end=\"1475\">Mayor protecci\u00f3n contra los da\u00f1os f\u00edsicos y la abrasi\u00f3n.<\/p>\n<\/li>\n<li class=\"\" data-start=\"1476\" data-end=\"1529\">\n<p class=\"\" data-start=\"1478\" data-end=\"1529\">Ideal para su uso en entornos dif\u00edciles o de alto estr\u00e9s.<\/p>\n<\/li>\n<li class=\"\" data-start=\"1530\" data-end=\"1599\">\n<p class=\"\" data-start=\"1532\" data-end=\"1599\">Flexibles y f\u00e1ciles de manejar en comparaci\u00f3n con los cables armados tradicionales.<\/p>\n<\/li>\n<li class=\"\" data-start=\"1600\" data-end=\"1636\">\n<p class=\"\" data-start=\"1602\" data-end=\"1636\">Durabilidad y longevidad superiores.<\/p>\n<\/li>\n<li class=\"\" data-start=\"1637\" data-end=\"1710\">\n<p class=\"\" data-start=\"1639\" data-end=\"1710\">Disponible en varios tipos de fibra (monomodo, multimodo) y longitudes.<\/p>\n<\/li>\n<\/ul>\n<h3 data-start=\"1712\" data-end=\"1721\"><strong data-start=\"1712\" data-end=\"1721\">4. Preguntas frecuentes:<\/strong><\/h3>\n<p class=\"\" data-start=\"1723\" data-end=\"1997\"><strong data-start=\"1723\" data-end=\"1805\">P1: \u00bfQu\u00e9 hace que los cordones de parche Spiral Armor sean m\u00e1s duraderos que los cordones de parche normales?<\/strong><br data-start=\"1805\" data-end=\"1808\" \/>A1: La armadura en espiral proporciona una mayor protecci\u00f3n mec\u00e1nica contra la flexi\u00f3n, el aplastamiento y otros factores de estr\u00e9s ambiental, lo que la hace m\u00e1s duradera para aplicaciones industriales y de telecomunicaciones exigentes.<\/p>\n<p class=\"\" data-start=\"1999\" data-end=\"2228\"><strong data-start=\"1999\" data-end=\"2072\">P2: \u00bfSe puede utilizar el cable de conexi\u00f3n blindado en espiral en instalaciones exteriores?<\/strong><br data-start=\"2072\" data-end=\"2075\" \/>A2: S\u00ed, la armadura en espiral ofrece protecci\u00f3n adicional, por lo que es adecuada para entornos exteriores en los que el cable puede estar expuesto a condiciones m\u00e1s duras.<\/p>\n<p class=\"\" data-start=\"2230\" data-end=\"2412\"><strong data-start=\"2230\" data-end=\"2295\">P3: \u00bfEst\u00e1n disponibles estos latiguillos en distintos tipos de fibra?<\/strong><br data-start=\"2295\" data-end=\"2298\" \/>A3: S\u00ed, est\u00e1n disponibles en opciones de fibra monomodo y multimodo para adaptarse a los distintos requisitos de la red.<\/p>\n<p data-start=\"2230\" data-end=\"2412\"><strong data-start=\"786\" data-end=\"841\">P4: \u00bfC\u00f3mo mejora la seguridad la chaqueta de LSZH o TPU?<\/strong><br data-start=\"841\" data-end=\"844\" \/>A6: La cubierta de LSZH minimiza el humo y los gases t\u00f3xicos durante un incendio, reduciendo el riesgo tanto para la salud humana como para los equipos sensibles. El TPU tambi\u00e9n es conocido por sus propiedades mec\u00e1nicas superiores, incluida la resistencia a la abrasi\u00f3n, al tiempo que proporciona protecci\u00f3n medioambiental tanto a altas como a bajas temperaturas.<\/p>\n<p data-start=\"2230\" data-end=\"2412\"><strong data-start=\"1828\" data-end=\"1897\">P5: \u00bfExisten longitudes personalizadas para el cable de conexi\u00f3n blindado en espiral?<\/strong><br data-start=\"1897\" data-end=\"1900\" \/>R9: S\u00ed, disponemos de longitudes personalizadas para satisfacer las necesidades espec\u00edficas de cada proyecto. Tanto si necesita cables m\u00e1s largos como m\u00e1s cortos, podemos adaptarnos a sus necesidades.<\/p>","protected":false},"excerpt":{"rendered":"<p>En<strong> Cord\u00f3n de parche espiral blindado<\/strong> es un cable de conexi\u00f3n de fibra \u00f3ptica muy duradero y flexible, dise\u00f1ado con una innovadora estructura blindada en espiral para una mayor protecci\u00f3n y resistencia. Ideal para entornos que exigen tanto flexibilidad como resistencia, este cable de conexi\u00f3n es perfecto para aplicaciones de uso intensivo en entornos industriales.<\/p>","protected":false},"featured_media":956,"comment_status":"open","ping_status":"closed","template":"","meta":{"_seopress_robots_primary_cat":"none","_seopress_titles_title":"Armored Fiber Optic Patch Cord","_seopress_titles_desc":"Armored Fiber Optic Patch Cord with steel armor and TPU\/LSZH jacket, 2\u201312 cores, ensuring stable, low-loss fiber connections","_seopress_robots_index":""},"product_brand":[],"product_cat":[27],"product_tag":[45],"class_list":{"0":"post-958","1":"product","2":"type-product","3":"status-publish","4":"has-post-thumbnail","6":"product_cat-ftth","7":"product_tag-ftth","9":"first","10":"instock","11":"shipping-taxable","12":"product-type-simple"},"_links":{"self":[{"href":"https:\/\/honelinks.com\/es\/wp-json\/wp\/v2\/product\/958","targetHints":{"allow":["GET"]}}],"collection":[{"href":"https:\/\/honelinks.com\/es\/wp-json\/wp\/v2\/product"}],"about":[{"href":"https:\/\/honelinks.com\/es\/wp-json\/wp\/v2\/types\/product"}],"replies":[{"embeddable":true,"href":"https:\/\/honelinks.com\/es\/wp-json\/wp\/v2\/comments?post=958"}],"wp:featuredmedia":[{"embeddable":true,"href":"https:\/\/honelinks.com\/es\/wp-json\/wp\/v2\/media\/956"}],"wp:attachment":[{"href":"https:\/\/honelinks.com\/es\/wp-json\/wp\/v2\/media?parent=958"}],"wp:term":[{"taxonomy":"product_brand","embeddable":true,"href":"https:\/\/honelinks.com\/es\/wp-json\/wp\/v2\/product_brand?post=958"},{"taxonomy":"product_cat","embeddable":true,"href":"https:\/\/honelinks.com\/es\/wp-json\/wp\/v2\/product_cat?post=958"},{"taxonomy":"product_tag","embeddable":true,"href":"https:\/\/honelinks.com\/es\/wp-json\/wp\/v2\/product_tag?post=958"}],"curies":[{"name":"wp","href":"https:\/\/api.w.org\/{rel}","templated":true}]}}