{"id":962,"date":"2025-03-25T21:37:32","date_gmt":"2025-03-25T13:37:32","guid":{"rendered":"https:\/\/honelinks.com\/?post_type=product&#038;p=962"},"modified":"2025-08-30T18:19:13","modified_gmt":"2025-08-30T10:19:13","slug":"conmutador-poe-gigabit","status":"publish","type":"product","link":"https:\/\/honelinks.com\/es\/product\/poe-gigabit-switch\/","title":{"rendered":"Conmutador Gigabit PoE"},"content":{"rendered":"<p class=\"\" data-start=\"469\" data-end=\"902\">El conmutador de red PoE simplifica las configuraciones de red transmitiendo alimentaci\u00f3n y datos a trav\u00e9s del mismo cable, lo que reduce la necesidad de tomas de corriente o adaptadores adicionales. Admite varios est\u00e1ndares PoE, lo que garantiza la compatibilidad con una amplia gama de dispositivos PoE. Dise\u00f1ado para redes peque\u00f1as y grandes, ofrece flexibilidad y facilidad de despliegue, por lo que es ideal para empresas, hogares y aplicaciones industriales.<\/p>\n<h3><strong data-start=\"904\" data-end=\"927\">1.Estructura y dise\u00f1o:<\/strong><\/h3>\n<ul data-start=\"930\" data-end=\"1498\">\n<li class=\"\" data-start=\"930\" data-end=\"1030\">\n<p class=\"\" data-start=\"932\" data-end=\"1030\"><strong data-start=\"932\" data-end=\"942\">Puertos:<\/strong> Configuraciones de 8, 12, 24 o puertos personalizados con una combinaci\u00f3n de puertos PoE y Ethernet est\u00e1ndar.<\/p>\n<\/li>\n<li class=\"\" data-start=\"1031\" data-end=\"1171\">\n<p class=\"\" data-start=\"1033\" data-end=\"1171\"><strong data-start=\"1033\" data-end=\"1051\">Est\u00e1ndares PoE:<\/strong> IEEE 802.3af (PoE), IEEE 802.3at (PoE+) e IEEE 802.3bt (PoE++), que ofrecen diferentes potencias de salida para distintos dispositivos.<\/p>\n<\/li>\n<li class=\"\" data-start=\"1172\" data-end=\"1257\">\n<p class=\"\" data-start=\"1174\" data-end=\"1257\"><strong data-start=\"1174\" data-end=\"1191\">Fuente de alimentaci\u00f3n:<\/strong> Opciones de alimentaci\u00f3n interna o externa seg\u00fan el modelo.<\/p>\n<\/li>\n<li class=\"\" data-start=\"1258\" data-end=\"1373\">\n<p class=\"\" data-start=\"1260\" data-end=\"1373\"><strong data-start=\"1260\" data-end=\"1276\">Rendimiento:<\/strong> Admite velocidades gigabit Ethernet (10\/100\/1000 Mbps) o superiores para una transferencia de datos r\u00e1pida y eficaz.<\/p>\n<\/li>\n<li class=\"\" data-start=\"1374\" data-end=\"1498\">\n<p class=\"\" data-start=\"1376\" data-end=\"1498\"><strong data-start=\"1376\" data-end=\"1391\">Gesti\u00f3n:<\/strong> Disponible en versiones no gestionada, inteligente o totalmente gestionada para diferentes configuraciones y control de la red.<\/p>\n<\/li>\n<\/ul>\n<h3 data-start=\"1500\" data-end=\"1519\"><strong data-start=\"1500\" data-end=\"1517\">2. Aplicaciones:<\/strong><\/h3>\n<ul data-start=\"1520\" data-end=\"1698\">\n<li class=\"\" data-start=\"1520\" data-end=\"1557\">\n<p class=\"\" data-start=\"1522\" data-end=\"1557\">C\u00e1maras IP y sistemas de vigilancia<\/p>\n<\/li>\n<li class=\"\" data-start=\"1558\" data-end=\"1589\">\n<p class=\"\" data-start=\"1560\" data-end=\"1589\">Puntos de acceso inal\u00e1mbricos (WAP)<\/p>\n<\/li>\n<li class=\"\" data-start=\"1590\" data-end=\"1603\">\n<p class=\"\" data-start=\"1592\" data-end=\"1603\">Tel\u00e9fonos VoIP<\/p>\n<\/li>\n<li class=\"\" data-start=\"1604\" data-end=\"1648\">\n<p class=\"\" data-start=\"1606\" data-end=\"1648\">Dispositivos inteligentes e IoT (Internet de los objetos)<\/p>\n<\/li>\n<li class=\"\" data-start=\"1649\" data-end=\"1698\">\n<p class=\"\" data-start=\"1651\" data-end=\"1698\">Oficinas, comercios y redes industriales<\/p>\n<\/li>\n<\/ul>\n<h3 data-start=\"1700\" data-end=\"1717\"><strong data-start=\"1700\" data-end=\"1715\">3. Ventajas:<\/strong><\/h3>\n<ul data-start=\"1718\" data-end=\"2097\">\n<li class=\"\" data-start=\"1718\" data-end=\"1795\">\n<p class=\"\" data-start=\"1720\" data-end=\"1795\">Infraestructura de red simplificada mediante la combinaci\u00f3n de energ\u00eda y transmisi\u00f3n de datos.<\/p>\n<\/li>\n<li class=\"\" data-start=\"1796\" data-end=\"1857\">\n<p class=\"\" data-start=\"1798\" data-end=\"1857\">Reduce la necesidad de tomas de corriente y adaptadores adicionales.<\/p>\n<\/li>\n<li class=\"\" data-start=\"1858\" data-end=\"1917\">\n<p class=\"\" data-start=\"1860\" data-end=\"1917\">Escalable para satisfacer las necesidades de implantaciones peque\u00f1as y grandes.<\/p>\n<\/li>\n<li class=\"\" data-start=\"1918\" data-end=\"2014\">\n<p class=\"\" data-start=\"1920\" data-end=\"2014\">Eficiente energ\u00e9ticamente y rentable, con distribuci\u00f3n inteligente de la energ\u00eda a los dispositivos conectados.<\/p>\n<\/li>\n<li class=\"\" data-start=\"2015\" data-end=\"2094\">\n<p class=\"\" data-start=\"2017\" data-end=\"2094\">Disponible en versiones gestionadas y no gestionadas, en funci\u00f3n de las necesidades de control.<\/p>\n<\/li>\n<\/ul>\n<h3 data-start=\"2098\" data-end=\"2107\"><strong data-start=\"2098\" data-end=\"2107\">4. Preguntas frecuentes:<\/strong><\/h3>\n<p class=\"\" data-start=\"2109\" data-end=\"2423\"><strong data-start=\"2109\" data-end=\"2172\">P1: \u00bfQu\u00e9 es PoE (Power over Ethernet) y c\u00f3mo funciona?<\/strong><br data-start=\"2172\" data-end=\"2175\" \/>R1: PoE es una tecnolog\u00eda que permite a los cables Ethernet transportar tanto datos como energ\u00eda el\u00e9ctrica a dispositivos compatibles. El conmutador de red PoE proporciona la alimentaci\u00f3n a dispositivos como c\u00e1maras IP, tel\u00e9fonos o puntos de acceso sin necesidad de cables de alimentaci\u00f3n independientes.<\/p>\n<p class=\"\" data-start=\"2425\" data-end=\"2493\"><strong data-start=\"2425\" data-end=\"2485\">P2: \u00bfCu\u00e1l es la diferencia entre PoE, PoE+ y PoE++?<\/strong><br data-start=\"2485\" data-end=\"2488\" \/>A2:<\/p>\n<ul data-start=\"2494\" data-end=\"2784\">\n<li class=\"\" data-start=\"2494\" data-end=\"2561\">\n<p class=\"\" data-start=\"2496\" data-end=\"2561\"><strong data-start=\"2496\" data-end=\"2519\">PoE (IEEE 802.3af):<\/strong> Proporciona hasta 15,4 W de potencia por puerto.<\/p>\n<\/li>\n<li class=\"\" data-start=\"2562\" data-end=\"2630\">\n<p class=\"\" data-start=\"2564\" data-end=\"2630\"><strong data-start=\"2564\" data-end=\"2588\">PoE+ (IEEE 802.3at):<\/strong> Proporciona hasta 25,5 W de potencia por puerto.<\/p>\n<\/li>\n<li class=\"\" data-start=\"2631\" data-end=\"2784\">\n<p class=\"\" data-start=\"2633\" data-end=\"2784\"><strong data-start=\"2633\" data-end=\"2658\">PoE++ (IEEE 802.3bt):<\/strong> Puede suministrar hasta 60 W o 100 W por puerto, adecuado para dispositivos de mayor potencia como c\u00e1maras PTZ o puntos de acceso de alto rendimiento.<\/p>\n<\/li>\n<\/ul>\n<p class=\"\" data-start=\"2786\" data-end=\"3040\"><strong data-start=\"2786\" data-end=\"2846\">P3: \u00bfPuedo utilizar un conmutador de red PoE con dispositivos que no sean PoE?<\/strong><br data-start=\"2846\" data-end=\"2849\" \/>A3: S\u00ed, los conmutadores de red PoE suelen admitir dispositivos con y sin PoE. Los dispositivos no PoE solo recibir\u00e1n datos sin alimentaci\u00f3n, mientras que los dispositivos PoE recibir\u00e1n tanto datos como alimentaci\u00f3n.<\/p>\n<p class=\"\" data-start=\"3042\" data-end=\"3394\"><strong data-start=\"3042\" data-end=\"3112\">P4: \u00bfCu\u00e1ntos dispositivos PoE se pueden conectar a un conmutador de red PoE?<\/strong><br data-start=\"3112\" data-end=\"3115\" \/>A4: El n\u00famero de dispositivos PoE compatibles depende del presupuesto total de energ\u00eda PoE del conmutador. Por ejemplo, un conmutador PoE de 24 puertos con un presupuesto de energ\u00eda de 250 W podr\u00eda alimentar hasta 16 dispositivos que requieran 15 W cada uno, en funci\u00f3n del consumo de energ\u00eda de cada dispositivo conectado.<\/p>\n<p class=\"\" data-start=\"3396\" data-end=\"3632\"><strong data-start=\"3396\" data-end=\"3446\">P5: \u00bfNecesito un cable especial para los dispositivos PoE?<\/strong><br data-start=\"3446\" data-end=\"3449\" \/>R5: No, los cables Ethernet est\u00e1ndar (Cat5e o superior) pueden utilizarse tanto para la transmisi\u00f3n de datos como de energ\u00eda. Sin embargo, es importante utilizar cables de alta calidad para garantizar un rendimiento fiable.<\/p>\n<p class=\"\" data-start=\"3634\" data-end=\"3945\"><strong data-start=\"3634\" data-end=\"3699\">P6: \u00bfSe puede utilizar un conmutador de red PoE en entornos exteriores?<\/strong><br data-start=\"3699\" data-end=\"3702\" \/>A6: Algunos conmutadores PoE est\u00e1n dise\u00f1ados para su uso en exteriores, a menudo con carcasas industriales que protegen contra el polvo, la humedad y las temperaturas extremas. Compruebe las especificaciones para asegurarse de que el conmutador es apto para exteriores o entornos dif\u00edciles.<\/p>\n<p class=\"\" data-start=\"3947\" data-end=\"4273\"><strong data-start=\"3947\" data-end=\"4009\">P7: \u00bfCu\u00e1les son las ventajas de un conmutador de red PoE gestionado?<\/strong><br data-start=\"4009\" data-end=\"4012\" \/>A7: Un conmutador PoE gestionado permite configurar, supervisar y controlar la red, ofreciendo funciones como compatibilidad con VLAN, priorizaci\u00f3n del tr\u00e1fico (QoS), duplicaci\u00f3n de puertos y soluci\u00f3n remota de problemas. Es ideal para redes m\u00e1s grandes que requieren un control m\u00e1s granular.<\/p>\n<p class=\"\" data-start=\"4275\" data-end=\"4519\"><strong data-start=\"4275\" data-end=\"4343\">P8: \u00bfC\u00f3mo distribuye la alimentaci\u00f3n a los dispositivos el conmutador de red PoE?<\/strong><br data-start=\"4343\" data-end=\"4346\" \/>A8: El conmutador PoE distribuye la energ\u00eda de forma inteligente entre sus puertos en funci\u00f3n de los requisitos de energ\u00eda del dispositivo conectado, garantizando un uso eficiente del presupuesto de energ\u00eda disponible.<\/p>\n<p class=\"\" data-start=\"4521\" data-end=\"4765\"><strong data-start=\"4521\" data-end=\"4582\">P9: \u00bfPuedo mezclar dispositivos PoE y no PoE en el mismo conmutador?<\/strong><br data-start=\"4582\" data-end=\"4585\" \/>R9: S\u00ed, puede conectar tanto dispositivos PoE como no PoE a un conmutador PoE. Los puertos habilitados para PoE proporcionar\u00e1n alimentaci\u00f3n a los dispositivos compatibles, mientras que los dispositivos no PoE solo recibir\u00e1n datos.<\/p>\n<p class=\"\" data-start=\"4767\" data-end=\"5090\"><strong data-start=\"4767\" data-end=\"4828\">P10: \u00bfExiste el riesgo de sobrecargar el presupuesto de alimentaci\u00f3n PoE?<\/strong><br data-start=\"4828\" data-end=\"4831\" \/>R10: La mayor\u00eda de los conmutadores de red PoE tienen mecanismos integrados para evitar la sobrecarga del presupuesto de energ\u00eda. Si demasiados dispositivos requieren m\u00e1s energ\u00eda de la que el conmutador puede proporcionar, limitar\u00e1 la alimentaci\u00f3n a determinados puertos o cortar\u00e1 la alimentaci\u00f3n a los puertos que superen el presupuesto.<\/p>","protected":false},"excerpt":{"rendered":"<p><strong>Conmutador de red HONE Power over Ethernet (PoE)<\/strong> es un dispositivo esencial para suministrar tanto datos como alimentaci\u00f3n el\u00e9ctrica a dispositivos con PoE a trav\u00e9s de un \u00fanico cable Ethernet. Este conmutador compacto y eficiente es ideal para alimentar dispositivos como c\u00e1maras IP, puntos de acceso inal\u00e1mbricos y tel\u00e9fonos VoIP, todo ello manteniendo un rendimiento de red fiable.<\/p>","protected":false},"featured_media":963,"comment_status":"open","ping_status":"closed","template":"","meta":{"_seopress_robots_primary_cat":"none","_seopress_titles_title":"PoE Gigabit Switch","_seopress_titles_desc":"Buy PoE Gigabit Switch for fast, reliable data transfer and power delivery. Ideal for IP cameras, VoIP phones, WiFi access points, and network projects","_seopress_robots_index":""},"product_brand":[],"product_cat":[27,46],"product_tag":[47],"class_list":{"0":"post-962","1":"product","2":"type-product","3":"status-publish","4":"has-post-thumbnail","6":"product_cat-ftth","7":"product_cat-network-devices","8":"product_tag-network-devices","10":"first","11":"instock","12":"shipping-taxable","13":"product-type-simple"},"_links":{"self":[{"href":"https:\/\/honelinks.com\/es\/wp-json\/wp\/v2\/product\/962","targetHints":{"allow":["GET"]}}],"collection":[{"href":"https:\/\/honelinks.com\/es\/wp-json\/wp\/v2\/product"}],"about":[{"href":"https:\/\/honelinks.com\/es\/wp-json\/wp\/v2\/types\/product"}],"replies":[{"embeddable":true,"href":"https:\/\/honelinks.com\/es\/wp-json\/wp\/v2\/comments?post=962"}],"wp:featuredmedia":[{"embeddable":true,"href":"https:\/\/honelinks.com\/es\/wp-json\/wp\/v2\/media\/963"}],"wp:attachment":[{"href":"https:\/\/honelinks.com\/es\/wp-json\/wp\/v2\/media?parent=962"}],"wp:term":[{"taxonomy":"product_brand","embeddable":true,"href":"https:\/\/honelinks.com\/es\/wp-json\/wp\/v2\/product_brand?post=962"},{"taxonomy":"product_cat","embeddable":true,"href":"https:\/\/honelinks.com\/es\/wp-json\/wp\/v2\/product_cat?post=962"},{"taxonomy":"product_tag","embeddable":true,"href":"https:\/\/honelinks.com\/es\/wp-json\/wp\/v2\/product_tag?post=962"}],"curies":[{"name":"wp","href":"https:\/\/api.w.org\/{rel}","templated":true}]}}