{"id":971,"date":"2025-03-26T15:02:33","date_gmt":"2025-03-26T07:02:33","guid":{"rendered":"https:\/\/honelinks.com\/?post_type=product&#038;p=971"},"modified":"2025-08-02T18:33:10","modified_gmt":"2025-08-02T10:33:10","slug":"cierre-de-empalme-horizontal-de-fibra-optica","status":"publish","type":"product","link":"https:\/\/honelinks.com\/es\/product\/horizontal-fiber-optic-splice-closure\/","title":{"rendered":"Cierre de empalme horizontal de fibra \u00f3ptica"},"content":{"rendered":"<p class=\"\" data-start=\"567\" data-end=\"849\">Este cierre de empalme horizontal (en l\u00ednea) aloja de forma segura los cables de fibra \u00f3ptica empalmados en una carcasa resistente a la intemperie. Se suele utilizar en instalaciones enterradas directamente, a\u00e9reas o de tuber\u00edas, ya que ofrece una gran resistencia mec\u00e1nica y protecci\u00f3n frente a condiciones ambientales adversas.<\/p>\n<h3 data-start=\"851\" data-end=\"880\"><strong data-start=\"856\" data-end=\"878\">1. Estructura y dise\u00f1o<\/strong><\/h3>\n<ul data-start=\"881\" data-end=\"1551\">\n<li class=\"\" data-start=\"881\" data-end=\"965\">\n<p class=\"\" data-start=\"883\" data-end=\"965\"><strong data-start=\"883\" data-end=\"895\">Material<\/strong>: Pl\u00e1stico PC\/ABS de alta resistencia, resistente a los rayos UV y a la corrosi\u00f3n<\/p>\n<\/li>\n<li class=\"\" data-start=\"966\" data-end=\"1020\">\n<p class=\"\" data-start=\"968\" data-end=\"1020\"><strong data-start=\"968\" data-end=\"977\">Forma<\/strong>: Dise\u00f1o horizontal rectangular (en l\u00ednea)<\/p>\n<\/li>\n<li class=\"\" data-start=\"1021\" data-end=\"1095\">\n<p class=\"\" data-start=\"1023\" data-end=\"1095\"><strong data-start=\"1023\" data-end=\"1042\">Capacidad de empalme<\/strong>: Admite de 12 a 288 fibras, seg\u00fan el modelo<\/p>\n<\/li>\n<li class=\"\" data-start=\"1096\" data-end=\"1184\">\n<p class=\"\" data-start=\"1098\" data-end=\"1184\"><strong data-start=\"1098\" data-end=\"1113\">Puertos de cable<\/strong>: Normalmente de 4 a 6 puertos redondos, que se adaptan a varios di\u00e1metros de cable.<\/p>\n<\/li>\n<li class=\"\" data-start=\"1185\" data-end=\"1274\">\n<p class=\"\" data-start=\"1187\" data-end=\"1274\"><strong data-start=\"1187\" data-end=\"1207\">Entrada\/salida por cable<\/strong>: Enrutamiento de cables en l\u00ednea: los cables entran y salen por lados opuestos<\/p>\n<\/li>\n<li class=\"\" data-start=\"1275\" data-end=\"1358\">\n<p class=\"\" data-start=\"1277\" data-end=\"1358\"><strong data-start=\"1277\" data-end=\"1295\">M\u00e9todo de sellado<\/strong>: Sellado mec\u00e1nico o termo-retr\u00e1ctil para impermeabilizaci\u00f3n<\/p>\n<\/li>\n<li class=\"\" data-start=\"1359\" data-end=\"1467\">\n<p class=\"\" data-start=\"1361\" data-end=\"1467\"><strong data-start=\"1361\" data-end=\"1383\">Estructura interna<\/strong>: Incluye bandejas de empalme apilables, dispositivos de fijaci\u00f3n de cables y accesorios de conexi\u00f3n a tierra<\/p>\n<\/li>\n<li class=\"\" data-start=\"1468\" data-end=\"1551\">\n<p class=\"\" data-start=\"1470\" data-end=\"1551\"><strong data-start=\"1470\" data-end=\"1491\">Grado de protecci\u00f3n<\/strong>: IP68 resistente al agua, al polvo y a los impactos<\/p>\n<\/li>\n<\/ul>\n<h3 data-start=\"1553\" data-end=\"1576\"><strong data-start=\"1558\" data-end=\"1574\">2. Aplicaciones<\/strong><\/h3>\n<ul data-start=\"1577\" data-end=\"1828\">\n<li class=\"\" data-start=\"1577\" data-end=\"1625\">\n<p class=\"\" data-start=\"1579\" data-end=\"1625\">Puntos de distribuci\u00f3n de FTTH (fibra hasta el hogar)<\/p>\n<\/li>\n<li class=\"\" data-start=\"1626\" data-end=\"1670\">\n<p class=\"\" data-start=\"1628\" data-end=\"1670\">Empalme de cables de fibra troncales de larga distancia<\/p>\n<\/li>\n<li class=\"\" data-start=\"1671\" data-end=\"1718\">\n<p class=\"\" data-start=\"1673\" data-end=\"1718\">Instalaciones subterr\u00e1neas, a\u00e9reas y de conductos<\/p>\n<\/li>\n<li class=\"\" data-start=\"1719\" data-end=\"1763\">\n<p class=\"\" data-start=\"1721\" data-end=\"1763\">Infraestructura de banda ancha urbana y rural<\/p>\n<\/li>\n<li class=\"\" data-start=\"1764\" data-end=\"1828\">\n<p class=\"\" data-start=\"1766\" data-end=\"1828\">Cajas de empalme de cable \u00f3ptico para redes de telecomunicaciones, CATV y datos<\/p>\n<\/li>\n<\/ul>\n<h3 data-start=\"1830\" data-end=\"1851\"><strong data-start=\"1835\" data-end=\"1849\">3. Ventajas<\/strong><\/h3>\n<ul data-start=\"1852\" data-end=\"2427\">\n<li class=\"\" data-start=\"1852\" data-end=\"1948\">\n<p class=\"\" data-start=\"1854\" data-end=\"1948\"><strong data-start=\"1854\" data-end=\"1872\">Sellado resistente<\/strong>: Protecci\u00f3n IP68 fiable contra el agua, el polvo y la exposici\u00f3n ambiental<\/p>\n<\/li>\n<li class=\"\" data-start=\"1949\" data-end=\"2037\">\n<p class=\"\" data-start=\"1951\" data-end=\"2037\"><strong data-start=\"1951\" data-end=\"1970\">Carcasa duradera<\/strong>: Soporta cambios de temperatura, presi\u00f3n y esfuerzos mec\u00e1nicos<\/p>\n<\/li>\n<li class=\"\" data-start=\"2038\" data-end=\"2133\">\n<p class=\"\" data-start=\"2040\" data-end=\"2133\"><strong data-start=\"2040\" data-end=\"2070\">Gesti\u00f3n flexible de empalmes<\/strong>: Bandejas de empalme apilables para un enrutamiento y expansi\u00f3n ordenados de la fibra<\/p>\n<\/li>\n<li class=\"\" data-start=\"2134\" data-end=\"2237\">\n<p class=\"\" data-start=\"2136\" data-end=\"2237\"><strong data-start=\"2136\" data-end=\"2149\">Multiusos<\/strong>: Adecuado para varios tipos de cable, incluidos tubo suelto, microcable y cinta de fibra<\/p>\n<\/li>\n<li class=\"\" data-start=\"2238\" data-end=\"2333\">\n<p class=\"\" data-start=\"2240\" data-end=\"2333\"><strong data-start=\"2240\" data-end=\"2260\">F\u00e1cil mantenimiento<\/strong>: Reutilizable tras la reentrada; f\u00e1cil de reabrir para inspecciones o mejoras.<\/p>\n<\/li>\n<li class=\"\" data-start=\"2334\" data-end=\"2427\">\n<p class=\"\" data-start=\"2336\" data-end=\"2427\"><strong data-start=\"2336\" data-end=\"2362\">Instalaci\u00f3n vers\u00e1til<\/strong>: Puede enterrarse directamente, montarse en postes o instalarse en conductos<\/p>\n<\/li>\n<\/ul>\n<h3 data-start=\"2429\" data-end=\"2442\"><strong data-start=\"2434\" data-end=\"2442\">4. Preguntas frecuentes<\/strong><\/h3>\n<p class=\"\" data-start=\"2444\" data-end=\"2660\"><strong data-start=\"2444\" data-end=\"2500\">P1: \u00bfCu\u00e1ntos cables se pueden conectar en un cierre?<\/strong><br data-start=\"2500\" data-end=\"2503\" \/><strong data-start=\"2503\" data-end=\"2510\">A1:<\/strong> La mayor\u00eda de los cierres en l\u00ednea tienen de 4 a 6 puertos para cables, que admiten m\u00faltiples puntos de entrada y salida de cables. Ofrecemos modelos que admiten desde 12 hasta 288 n\u00facleos de fibra.<\/p>\n<p class=\"\" data-start=\"2662\" data-end=\"2809\"><strong data-start=\"2662\" data-end=\"2709\">P2: \u00bfPuedo instalar este cierre bajo tierra?<\/strong><br data-start=\"2709\" data-end=\"2712\" \/><strong data-start=\"2712\" data-end=\"2719\">A2:<\/strong> S\u00ed, su estanqueidad IP68 lo hace adecuado para instalaciones directamente enterradas o en arquetas.<\/p>\n<p class=\"\" data-start=\"2811\" data-end=\"2964\"><strong data-start=\"2811\" data-end=\"2871\">P3: \u00bfAdmite empalmes mec\u00e1nicos y por fusi\u00f3n?<\/strong><br data-start=\"2871\" data-end=\"2874\" \/><strong data-start=\"2874\" data-end=\"2881\">A3:<\/strong> S\u00ed, nuestros cierres son compatibles con los m\u00e9todos de fusi\u00f3n y empalme mec\u00e1nico.<\/p>\n<p class=\"\" data-start=\"2966\" data-end=\"3134\"><strong data-start=\"2966\" data-end=\"3027\">P4: \u00bfEs reutilizable el cierre si necesito volver a abrirlo m\u00e1s adelante?<\/strong><br data-start=\"3027\" data-end=\"3030\" \/><strong data-start=\"3030\" data-end=\"3037\">A4:<\/strong> Absolutamente. El sistema de sellado mec\u00e1nico permite volver a entrar y sellar f\u00e1cilmente sin sufrir da\u00f1os.<\/p>","protected":false},"excerpt":{"rendered":"<p>En <strong>cierre de empalme horizontal de fibra \u00f3ptica<\/strong> est\u00e1 dise\u00f1ado para el empalme en l\u00ednea y la protecci\u00f3n de fibras \u00f3pticas en entornos exteriores. Ideal para conexiones de cables troncales y derivaciones, proporciona un entorno sellado, impermeable y a prueba de polvo para mantener la integridad y fiabilidad de las redes de fibra a lo largo del tiempo.<\/p>","protected":false},"featured_media":972,"comment_status":"open","ping_status":"closed","template":"","meta":{"_seopress_robots_primary_cat":"none","_seopress_titles_title":"Horizontal Fiber Optic Splice Closure","_seopress_titles_desc":"Horizontal Fiber Optic Splice Closure offers secure, waterproof splicing for aerial, duct, or direct burial fiber optic cable installations.","_seopress_robots_index":""},"product_brand":[],"product_cat":[27],"product_tag":[45],"class_list":{"0":"post-971","1":"product","2":"type-product","3":"status-publish","4":"has-post-thumbnail","6":"product_cat-ftth","7":"product_tag-ftth","9":"first","10":"instock","11":"shipping-taxable","12":"product-type-simple"},"_links":{"self":[{"href":"https:\/\/honelinks.com\/es\/wp-json\/wp\/v2\/product\/971","targetHints":{"allow":["GET"]}}],"collection":[{"href":"https:\/\/honelinks.com\/es\/wp-json\/wp\/v2\/product"}],"about":[{"href":"https:\/\/honelinks.com\/es\/wp-json\/wp\/v2\/types\/product"}],"replies":[{"embeddable":true,"href":"https:\/\/honelinks.com\/es\/wp-json\/wp\/v2\/comments?post=971"}],"wp:featuredmedia":[{"embeddable":true,"href":"https:\/\/honelinks.com\/es\/wp-json\/wp\/v2\/media\/972"}],"wp:attachment":[{"href":"https:\/\/honelinks.com\/es\/wp-json\/wp\/v2\/media?parent=971"}],"wp:term":[{"taxonomy":"product_brand","embeddable":true,"href":"https:\/\/honelinks.com\/es\/wp-json\/wp\/v2\/product_brand?post=971"},{"taxonomy":"product_cat","embeddable":true,"href":"https:\/\/honelinks.com\/es\/wp-json\/wp\/v2\/product_cat?post=971"},{"taxonomy":"product_tag","embeddable":true,"href":"https:\/\/honelinks.com\/es\/wp-json\/wp\/v2\/product_tag?post=971"}],"curies":[{"name":"wp","href":"https:\/\/api.w.org\/{rel}","templated":true}]}}