{"id":982,"date":"2025-03-27T15:08:12","date_gmt":"2025-03-27T07:08:12","guid":{"rendered":"https:\/\/honelinks.com\/?post_type=product&#038;p=982"},"modified":"2026-04-01T15:49:12","modified_gmt":"2026-04-01T07:49:12","slug":"1-modulo-25g-sfp","status":"publish","type":"product","link":"https:\/\/honelinks.com\/es\/product\/1-25g-sfp-module\/","title":{"rendered":"M\u00f3dulo SFP de 1,25 G"},"content":{"rendered":"<p data-start=\"339\" data-end=\"624\">El m\u00f3dulo SFP de 1.25G es un transceptor enchufable de factor de forma peque\u00f1o dise\u00f1ado para comunicaciones de fibra \u00f3ptica de alta velocidad. Garantiza una transmisi\u00f3n confiable de 1.25G sobre fibra monomodo o multimodo, admitiendo instalaci\u00f3n en caliente e integraci\u00f3n de red sencilla. Para una mejor comprensi\u00f3n de su estructura y confiabilidad, consulte <strong data-start=\"4171\" data-end=\"4185\"><a href=\"https:\/\/honelinks.com\/es\/que-es-un-modulo-sfp\/\">M\u00f3dulo SFP<\/a>.<\/strong><\/p>\n<p data-start=\"626\" data-end=\"654\"><strong data-start=\"626\" data-end=\"652\">1. Estructura y dise\u00f1o:<\/strong><\/p>\n<ul data-start=\"655\" data-end=\"918\">\n<li data-start=\"655\" data-end=\"706\">\n<p data-start=\"657\" data-end=\"706\">Formato SFP compacto para un despliegue flexible<\/p>\n<\/li>\n<li data-start=\"707\" data-end=\"770\">\n<p data-start=\"709\" data-end=\"770\">Carcasa met\u00e1lica para mayor durabilidad y protecci\u00f3n electromagn\u00e9tica<\/p>\n<\/li>\n<li data-start=\"771\" data-end=\"803\">\n<p data-start=\"773\" data-end=\"803\">Dise\u00f1o de bajo consumo<\/p>\n<\/li>\n<li data-start=\"804\" data-end=\"867\">\n<p data-start=\"806\" data-end=\"867\">Admite conectores LC est\u00e1ndar e interfaces de fibra d\u00faplex<\/p>\n<\/li>\n<li data-start=\"868\" data-end=\"918\">\n<p data-start=\"870\" data-end=\"918\">Conexi\u00f3n en caliente para facilitar el mantenimiento y la actualizaci\u00f3n<\/p>\n<\/li>\n<\/ul>\n<p data-start=\"920\" data-end=\"942\"><strong data-start=\"920\" data-end=\"940\">2. Aplicaciones:<\/strong><\/p>\n<ul data-start=\"943\" data-end=\"1172\">\n<li data-start=\"943\" data-end=\"983\">\n<p data-start=\"945\" data-end=\"983\">Redes de \u00e1rea local (LAN) para empresas<\/p>\n<\/li>\n<li data-start=\"984\" data-end=\"1023\">\n<p data-start=\"986\" data-end=\"1023\">Centros de datos y conexiones de servidores<\/p>\n<\/li>\n<li data-start=\"1024\" data-end=\"1081\">\n<p data-start=\"1026\" data-end=\"1081\">Redes de telecomunicaciones y redes de \u00e1rea metropolitana (MAN)<\/p>\n<\/li>\n<li data-start=\"1082\" data-end=\"1120\">\n<p data-start=\"1084\" data-end=\"1120\">Soluciones de fibra hasta el hogar (FTTH)<\/p>\n<\/li>\n<li data-start=\"1121\" data-end=\"1172\">\n<p data-start=\"1123\" data-end=\"1172\">Conmutadores de red, enrutadores y convertidores de medios<\/p>\n<\/li>\n<\/ul>\n<p data-start=\"1174\" data-end=\"1194\"><strong data-start=\"1174\" data-end=\"1192\">3. Ventajas:<\/strong><\/p>\n<ul data-start=\"1195\" data-end=\"1439\">\n<li data-start=\"1195\" data-end=\"1239\">\n<p data-start=\"1197\" data-end=\"1239\">Transmisi\u00f3n de 1,25 G estable y de alta velocidad<\/p>\n<\/li>\n<li data-start=\"1240\" data-end=\"1294\">\n<p data-start=\"1242\" data-end=\"1294\">Amplia compatibilidad con diversos equipos de red<\/p>\n<\/li>\n<li data-start=\"1295\" data-end=\"1327\">\n<p data-start=\"1297\" data-end=\"1327\">F\u00e1cil de instalar y mantener<\/p>\n<\/li>\n<li data-start=\"1328\" data-end=\"1375\">\n<p data-start=\"1330\" data-end=\"1375\">Eficiencia energ\u00e9tica con bajo consumo<\/p>\n<\/li>\n<li data-start=\"1376\" data-end=\"1439\">\n<p data-start=\"1378\" data-end=\"1439\">Rendimiento fiable en diversas condiciones ambientales<\/p>\n<\/li>\n<\/ul>\n<p data-start=\"1441\" data-end=\"1631\"><strong data-start=\"1441\" data-end=\"1453\">4. Preguntas frecuentes:<\/strong><br data-start=\"1453\" data-end=\"1456\" \/><strong data-start=\"1456\" data-end=\"1512\">P1: <a href=\"https:\/\/honelinks.com\/es\/guia-de-compatibilidad-de-sfp\/\">\u00bfEs este m\u00f3dulo SFP compatible con todos los switches?<\/a>?<\/strong><br data-start=\"1512\" data-end=\"1515\" \/>A1: Es compatible con la mayor\u00eda de los conmutadores y routers con ranuras SFP est\u00e1ndar; compruebe la compatibilidad del proveedor para marcas espec\u00edficas.<\/p>\n<p data-start=\"1633\" data-end=\"1775\"><strong data-start=\"1633\" data-end=\"1672\">P2: \u00bfQu\u00e9 tipos de fibra son compatibles?<\/strong><br data-start=\"1672\" data-end=\"1675\" \/>A2: Se admiten tanto fibra monomodo (SMF) como multimodo (MMF), dependiendo del tipo de m\u00f3dulo.<\/p>\n<p data-start=\"1777\" data-end=\"1953\"><strong data-start=\"1777\" data-end=\"1831\">P3: \u00bfSe puede utilizar para transmisiones a larga distancia?<\/strong><br data-start=\"1831\" data-end=\"1834\" \/>A3: S\u00ed, los m\u00f3dulos SFP monomodo pueden soportar distancias de hasta 10 km o m\u00e1s; los m\u00f3dulos multimodo suelen ser m\u00e1s cortos.<\/p>\n<p data-start=\"1955\" data-end=\"2071\"><strong data-start=\"1955\" data-end=\"1991\">P4: \u00bfEl m\u00f3dulo es intercambiable en caliente?<\/strong><br data-start=\"1991\" data-end=\"1994\" \/>A4: S\u00ed, puede instalarse o sustituirse sin apagar la red.<\/p>\n<p data-start=\"2073\" data-end=\"2224\"><strong data-start=\"2073\" data-end=\"2119\">P5: \u00bfCu\u00e1l es el consumo de energ\u00eda t\u00edpico?<\/strong><br data-start=\"2119\" data-end=\"2122\" \/>A5: Est\u00e1 dise\u00f1ado para un funcionamiento de baja potencia, normalmente inferior a 1 W por m\u00f3dulo, lo que reduce los costes operativos.<\/p>\n<p data-start=\"2073\" data-end=\"2224\">Aprenda m\u00e1s sobre la tecnolog\u00eda SFP en nuestro completo <strong data-start=\"994\" data-end=\"1014\"><a href=\"https:\/\/honelinks.com\/es\/modulo-sfp\/\">Gu\u00eda de m\u00f3dulos SFP<\/a>.<\/strong><\/p>","protected":false},"excerpt":{"rendered":"<p>El m\u00f3dulo SFP de 1,25 G ofrece transmisi\u00f3n de fibra \u00f3ptica estable y de alta velocidad con bajo consumo, amplia compatibilidad y f\u00e1cil integraci\u00f3n, lo que lo hace ideal para aplicaciones de redes empresariales y de telecomunicaciones.<\/p>","protected":false},"featured_media":983,"comment_status":"open","ping_status":"closed","template":"","meta":{"_seopress_robots_primary_cat":"none","_seopress_titles_title":"1.25G SFP Module","_seopress_titles_desc":"High-performance 1.25G SFP module ensuring stable transmission, easy integration, and reliable connectivity for fiber optic networks","_seopress_robots_index":""},"product_brand":[],"product_cat":[63,27,46],"product_tag":[47],"class_list":{"0":"post-982","1":"product","2":"type-product","3":"status-publish","4":"has-post-thumbnail","6":"product_cat-sfp-module","7":"product_cat-ftth","8":"product_cat-network-devices","9":"product_tag-network-devices","11":"first","12":"instock","13":"shipping-taxable","14":"product-type-simple"},"_links":{"self":[{"href":"https:\/\/honelinks.com\/es\/wp-json\/wp\/v2\/product\/982","targetHints":{"allow":["GET"]}}],"collection":[{"href":"https:\/\/honelinks.com\/es\/wp-json\/wp\/v2\/product"}],"about":[{"href":"https:\/\/honelinks.com\/es\/wp-json\/wp\/v2\/types\/product"}],"replies":[{"embeddable":true,"href":"https:\/\/honelinks.com\/es\/wp-json\/wp\/v2\/comments?post=982"}],"wp:featuredmedia":[{"embeddable":true,"href":"https:\/\/honelinks.com\/es\/wp-json\/wp\/v2\/media\/983"}],"wp:attachment":[{"href":"https:\/\/honelinks.com\/es\/wp-json\/wp\/v2\/media?parent=982"}],"wp:term":[{"taxonomy":"product_brand","embeddable":true,"href":"https:\/\/honelinks.com\/es\/wp-json\/wp\/v2\/product_brand?post=982"},{"taxonomy":"product_cat","embeddable":true,"href":"https:\/\/honelinks.com\/es\/wp-json\/wp\/v2\/product_cat?post=982"},{"taxonomy":"product_tag","embeddable":true,"href":"https:\/\/honelinks.com\/es\/wp-json\/wp\/v2\/product_tag?post=982"}],"curies":[{"name":"wp","href":"https:\/\/api.w.org\/{rel}","templated":true}]}}