{"id":995,"date":"2025-03-27T21:42:34","date_gmt":"2025-03-27T13:42:34","guid":{"rendered":"https:\/\/honelinks.com\/?post_type=product&#038;p=995"},"modified":"2025-03-28T10:34:47","modified_gmt":"2025-03-28T02:34:47","slug":"empalmadora-de-fibra-optica","status":"publish","type":"product","link":"https:\/\/honelinks.com\/es\/product\/optical-fiber-fushion-splicer\/","title":{"rendered":"Empalmadora de fibra \u00f3ptica Fushion"},"content":{"rendered":"<p>Este <strong>Empalmadora de fibra \u00f3ptica Fushion<\/strong> Bajo las condiciones de pruebas rigurosas, el rendimiento sigue siendo excepcional; caja de herramientas es peque\u00f1o, exquisito, duradero, y con un dise\u00f1o \u00fanico banco. El dise\u00f1o de la plataforma de operaci\u00f3n refleja el cuidado humanista; dise\u00f1o \u00fanico de iluminaci\u00f3n, es conveniente para la construcci\u00f3n o reparaci\u00f3n nocturna. El brillo de la pantalla es ajustable y es conveniente para la operaci\u00f3n al aire libre. Las piezas principales est\u00e1n utilizando marcas importadas, material de cuerpo de metal de aviaci\u00f3n con detalles exquisitos. Con la combinaci\u00f3n de tecnolog\u00eda avanzada y dise\u00f1o, la nueva generaci\u00f3n de empalmadora por fusi\u00f3n de fibra \u00f3ptica le brindar\u00e1 una experiencia de usuario confiable y c\u00f3moda.<\/p>\n<h3 data-start=\"944\" data-end=\"968\"><strong data-start=\"944\" data-end=\"966\">1. Estructura y dise\u00f1o<\/strong><\/h3>\n<ul data-start=\"969\" data-end=\"1570\">\n<li class=\"\" data-start=\"969\" data-end=\"1025\">\n<p class=\"\" data-start=\"971\" data-end=\"1025\"><strong data-start=\"971\" data-end=\"991\">M\u00e9todo de alineaci\u00f3n<\/strong>: Alineaci\u00f3n del n\u00facleo con seis motores<\/p>\n<\/li>\n<li class=\"\" data-start=\"1026\" data-end=\"1114\">\n<p class=\"\" data-start=\"1028\" data-end=\"1114\"><strong data-start=\"1028\" data-end=\"1039\">Mostrar<\/strong>: Pantalla TFT en color de alta resoluci\u00f3n de 5 pulgadas (800\u00d7480) con vista de doble c\u00e1mara<\/p>\n<\/li>\n<li class=\"\" data-start=\"1115\" data-end=\"1155\">\n<p class=\"\" data-start=\"1117\" data-end=\"1155\"><strong data-start=\"1117\" data-end=\"1132\">Tiempo de empalme<\/strong>: Media 6-8 segundos<\/p>\n<\/li>\n<li class=\"\" data-start=\"1156\" data-end=\"1199\">\n<p class=\"\" data-start=\"1158\" data-end=\"1199\"><strong data-start=\"1158\" data-end=\"1174\">Tiempo de calentamiento<\/strong>: 15-18 segundos de media<\/p>\n<\/li>\n<li class=\"\" data-start=\"1200\" data-end=\"1258\">\n<p class=\"\" data-start=\"1202\" data-end=\"1258\"><strong data-start=\"1202\" data-end=\"1220\">Vida \u00fatil del electrodo<\/strong>: Hasta 3000 descargas, reemplazable<\/p>\n<\/li>\n<li class=\"\" data-start=\"1259\" data-end=\"1354\">\n<p class=\"\" data-start=\"1261\" data-end=\"1354\"><strong data-start=\"1261\" data-end=\"1281\">Capacidad de la bater\u00eda<\/strong>: Bater\u00eda de litio integrada, hasta 200 ciclos de empalme y calentamiento por carga<\/p>\n<\/li>\n<li class=\"\" data-start=\"1355\" data-end=\"1425\">\n<p class=\"\" data-start=\"1357\" data-end=\"1425\"><strong data-start=\"1357\" data-end=\"1373\">Conectividad<\/strong>: Puerto USB para actualizaciones de software y transferencia de datos<\/p>\n<\/li>\n<li class=\"\" data-start=\"1426\" data-end=\"1505\">\n<p class=\"\" data-start=\"1428\" data-end=\"1505\"><strong data-start=\"1428\" data-end=\"1438\">Dise\u00f1o<\/strong>: Cuerpo compacto, a prueba de golpes y resistente a la intemperie para uso en exteriores<\/p>\n<\/li>\n<li class=\"\" data-start=\"1506\" data-end=\"1570\">\n<p class=\"\" data-start=\"1508\" data-end=\"1570\"><strong data-start=\"1508\" data-end=\"1519\">Almacenamiento<\/strong>: Memoria interna para hasta 10.000 registros de empalmes<\/p>\n<\/li>\n<\/ul>\n<h3 data-start=\"1572\" data-end=\"1590\"><strong data-start=\"1572\" data-end=\"1588\">2. Aplicaciones<\/strong><\/h3>\n<ul data-start=\"1591\" data-end=\"1804\">\n<li class=\"\" data-start=\"1591\" data-end=\"1633\">\n<p class=\"\" data-start=\"1593\" data-end=\"1633\">Instalaciones de fibra hasta el hogar (FTTH)<\/p>\n<\/li>\n<li class=\"\" data-start=\"1634\" data-end=\"1674\">\n<p class=\"\" data-start=\"1636\" data-end=\"1674\">Proyectos de redes troncales y de acceso<\/p>\n<\/li>\n<li class=\"\" data-start=\"1675\" data-end=\"1719\">\n<p class=\"\" data-start=\"1677\" data-end=\"1719\">Centros de datos y salas de telecomunicaciones<\/p>\n<\/li>\n<li class=\"\" data-start=\"1720\" data-end=\"1754\">\n<p class=\"\" data-start=\"1722\" data-end=\"1754\">Reparaci\u00f3n urgente de fibra in situ<\/p>\n<\/li>\n<li class=\"\" data-start=\"1755\" data-end=\"1804\">\n<p class=\"\" data-start=\"1757\" data-end=\"1804\">Proveedores de mantenimiento y servicios de fibra \u00f3ptica<\/p>\n<\/li>\n<\/ul>\n<h3 data-start=\"1806\" data-end=\"1822\"><strong data-start=\"1806\" data-end=\"1820\">3. Ventajas<\/strong><\/h3>\n<ul data-start=\"1823\" data-end=\"2207\">\n<li class=\"\" data-start=\"1823\" data-end=\"1886\">\n<p class=\"\" data-start=\"1825\" data-end=\"1886\">La alineaci\u00f3n del n\u00facleo garantiza una baja p\u00e9rdida por empalme y una alta fiabilidad<\/p>\n<\/li>\n<li class=\"\" data-start=\"1887\" data-end=\"1946\">\n<p class=\"\" data-start=\"1889\" data-end=\"1946\">R\u00e1pido tiempo de empalme y calentamiento para una gran eficacia de trabajo<\/p>\n<\/li>\n<li class=\"\" data-start=\"1947\" data-end=\"1988\">\n<p class=\"\" data-start=\"1949\" data-end=\"1988\">Dise\u00f1o duradero para entornos dif\u00edciles<\/p>\n<\/li>\n<li class=\"\" data-start=\"1989\" data-end=\"2047\">\n<p class=\"\" data-start=\"1991\" data-end=\"2047\">Interfaz f\u00e1cil de usar con men\u00fas intuitivos<\/p>\n<\/li>\n<li class=\"\" data-start=\"2048\" data-end=\"2124\">\n<p class=\"\" data-start=\"2050\" data-end=\"2124\">Estimaci\u00f3n de la p\u00e9rdida por empalme en tiempo real e identificaci\u00f3n autom\u00e1tica del tipo de fibra<\/p>\n<\/li>\n<li class=\"\" data-start=\"2125\" data-end=\"2175\">\n<p class=\"\" data-start=\"2127\" data-end=\"2175\">Bater\u00eda de gran capacidad para trabajos de campo prolongados<\/p>\n<\/li>\n<li class=\"\" data-start=\"2176\" data-end=\"2207\">\n<p class=\"\" data-start=\"2178\" data-end=\"2207\">Compatible con varios idiomas<\/p>\n<\/li>\n<\/ul>\n<h3 data-start=\"2209\" data-end=\"2217\"><strong data-start=\"2209\" data-end=\"2217\">4. Preguntas frecuentes<\/strong><\/h3>\n<p class=\"\" data-start=\"2219\" data-end=\"2402\"><strong data-start=\"2219\" data-end=\"2274\">P1: \u00bfQu\u00e9 tipos de fibras son compatibles con HY-11?<\/strong><br data-start=\"2274\" data-end=\"2277\" \/>A1: HY-11 admite fibras SM (monomodo), MM (multimodo), DS (con dispersi\u00f3n desplazada) y NZDS (con dispersi\u00f3n desplazada distinta de cero).<\/p>\n<p class=\"\" data-start=\"2404\" data-end=\"2552\"><strong data-start=\"2404\" data-end=\"2458\">P2: \u00bfEs la empalmadora adecuada para aplicaciones FTTx?<\/strong><br data-start=\"2458\" data-end=\"2461\" \/>A2: S\u00ed, HY-11 es ideal para instalaciones FTTx debido a su r\u00e1pido funcionamiento y alta precisi\u00f3n.<\/p>\n<p class=\"\" data-start=\"2554\" data-end=\"2738\"><strong data-start=\"2554\" data-end=\"2590\">P3: \u00bfSe puede cambiar la bater\u00eda?<\/strong><br data-start=\"2590\" data-end=\"2593\" \/>A3: La bater\u00eda est\u00e1 incorporada pero es recargable y est\u00e1 dise\u00f1ada para un uso a largo plazo con gran capacidad. La sustituci\u00f3n de la bater\u00eda se realiza a trav\u00e9s del servicio t\u00e9cnico.<\/p>\n<p class=\"\" data-start=\"2740\" data-end=\"2910\"><strong data-start=\"2740\" data-end=\"2789\">P4: \u00bfC\u00f3mo se calibra o actualiza la empalmadora?<\/strong><br data-start=\"2789\" data-end=\"2792\" \/>A4: HY-11 puede actualizarse y calibrarse mediante conexi\u00f3n USB con un PC o a trav\u00e9s del software proporcionado por el fabricante.<\/p>\n<p class=\"\" data-start=\"2912\" data-end=\"3115\"><strong data-start=\"2912\" data-end=\"2956\">P5: \u00bfQu\u00e9 incluye el kit est\u00e1ndar?<\/strong><br data-start=\"2956\" data-end=\"2959\" \/>A5: El kit est\u00e1ndar incluye la fusionadora, la cortadora, las herramientas de pelado, los electrodos de repuesto, el cargador de bater\u00eda, la bandeja de refrigeraci\u00f3n, el malet\u00edn de transporte y el manual de usuario.<\/p>","protected":false},"excerpt":{"rendered":"<p><strong>Empalmadora de fibra \u00f3ptica HONE<\/strong> HY-11 utiliza la \u00faltima tecnolog\u00eda de alineaci\u00f3n de n\u00facleo con enfoque autom\u00e1tico y seis motores, es una empalmadora de fusi\u00f3n de fibra de nueva generaci\u00f3n. La m\u00e1quina utiliza CPU industrial de cuatro n\u00facleos, de respuesta r\u00e1pida, es actualmente una de las m\u00e1quinas de empalme de fibra m\u00e1s r\u00e1pidas del mercado; con pantalla de alta resoluci\u00f3n de 5 pulgadas 800X480, la operaci\u00f3n es sencilla e intuitiva; y hasta 300 aumentos de enfoque, por lo que es muy f\u00e1cil observar la fibra a simple vista. 5 segundos de velocidad de alineaci\u00f3n del n\u00facleo de empalme, 15 segundos de calentamiento, la eficiencia de trabajo se increment\u00f3 en 50% en comparaci\u00f3n con las m\u00e1quinas de empalme ordinarios.<\/p>","protected":false},"featured_media":996,"comment_status":"open","ping_status":"closed","template":"","meta":{"_seopress_robots_primary_cat":"","_seopress_titles_title":"","_seopress_titles_desc":"","_seopress_robots_index":""},"product_brand":[],"product_cat":[48],"product_tag":[45],"class_list":{"0":"post-995","1":"product","2":"type-product","3":"status-publish","4":"has-post-thumbnail","6":"product_cat-tester-tools","7":"product_tag-ftth","9":"first","10":"instock","11":"shipping-taxable","12":"product-type-simple"},"_links":{"self":[{"href":"https:\/\/honelinks.com\/es\/wp-json\/wp\/v2\/product\/995","targetHints":{"allow":["GET"]}}],"collection":[{"href":"https:\/\/honelinks.com\/es\/wp-json\/wp\/v2\/product"}],"about":[{"href":"https:\/\/honelinks.com\/es\/wp-json\/wp\/v2\/types\/product"}],"replies":[{"embeddable":true,"href":"https:\/\/honelinks.com\/es\/wp-json\/wp\/v2\/comments?post=995"}],"wp:featuredmedia":[{"embeddable":true,"href":"https:\/\/honelinks.com\/es\/wp-json\/wp\/v2\/media\/996"}],"wp:attachment":[{"href":"https:\/\/honelinks.com\/es\/wp-json\/wp\/v2\/media?parent=995"}],"wp:term":[{"taxonomy":"product_brand","embeddable":true,"href":"https:\/\/honelinks.com\/es\/wp-json\/wp\/v2\/product_brand?post=995"},{"taxonomy":"product_cat","embeddable":true,"href":"https:\/\/honelinks.com\/es\/wp-json\/wp\/v2\/product_cat?post=995"},{"taxonomy":"product_tag","embeddable":true,"href":"https:\/\/honelinks.com\/es\/wp-json\/wp\/v2\/product_tag?post=995"}],"curies":[{"name":"wp","href":"https:\/\/api.w.org\/{rel}","templated":true}]}}